{"id":4954,"date":"2017-04-27T14:16:39","date_gmt":"2017-04-27T12:16:39","guid":{"rendered":"https:\/\/www.davidrosa-avocat.ch\/?page_id=4954"},"modified":"2019-04-02T16:49:48","modified_gmt":"2019-04-02T14:49:48","slug":"lavocat","status":"publish","type":"page","link":"https:\/\/www.davidrosa-avocat.ch\/pt\/lavocat\/","title":{"rendered":"O Advogado"},"content":{"rendered":"<p>[vc_row][vc_column width=&#8221;1\/2&#8243;]<div class=\"wpb_content_element   clearfix\">            \r\n            <script type=\"text\/javascript\">\r\n                \r\n                (function($){\r\n                                            \r\n                    $(document).ready(function(){\r\n                        \r\n                          \r\n                    });\r\n                        \r\n                })(jQuery);\r\n            \r\n            <\/script>\r\n            \r\n            <style type=\"text\/css\" scoped><\/style><div id=\"ut_ig_6a09a89c411f7\" class=\"ut-image-gallery  clearfix\"><div data-count=\"1\" class=\"ut-image-gallery-item grid-100 tablet-grid-100 mobile-grid-100 \"><a class=\"ut-vc-images-lightbox\" href=\"https:\/\/www.davidrosa-avocat.ch\/wp-content\/uploads\/2017\/04\/davidrosavocat-1.jpg\"><img class=\"\"  src=\"https:\/\/www.davidrosa-avocat.ch\/wp-content\/uploads\/2017\/04\/davidrosavocat-1.jpg\" width=\"398\" height=\"400\"><\/a><\/div><div class=\"clear\"><\/div><\/div><\/div>[\/vc_column][vc_column width=&#8221;1\/2&#8243;][vc_column_text]<\/p>\n<h2>Biografia<\/h2>\n<p>O Senhor Doutor David Rosa, nascido no dia 18 de Novembro de 1983 em Neuch\u00e2tel, realizou a escolaridade obrigat\u00f3ria com sucesso, e obteve especialmente o seu Certificado de L\u00edngua e Cultura Portugu\u00easas em 1999.<\/p>\n<p>Ele estudou na Faculdade de Direito da Universidade de Neuch\u00e2tel e recebeu o seu Mestrado em Direito em orienta\u00e7\u00e3o &#8220;Profiss\u00f5es judici\u00e1rias&#8221; em 2007. Ap\u00f3s ter realizado o seu est\u00e1gio legal no Tribunal Civil du District du Val-de-Ruz e num gabinete de advogados generalistas do Litoral de Neuch\u00e2tel, o Senhor Doutor Rosa obteve o seu diploma de advogado em Abril de 2010 e foi rapidamente contratado como advogado da Companhia de seguro de Protec\u00e7\u00e3o jur\u00eddica Assista TCS em Genebra, onde ele foi capaz de alargar a sua experi\u00eancia global.<\/p>\n<p>Depois disso, ele desenvolveu suas compet\u00eancias no Tribunal R\u00e9gional des Montagnes et du Val-de-Ruz, em La Chaux-de-Fonds, onde ocupou o cargo de <em>funcion\u00e1rio-redator<\/em> por quase um ano, antes de voltar \u00e0 pr\u00e1tica de Advogado no in\u00edcio de 2012, juntando-se como <em>advogado parceiro<\/em> a um gabinete de advogados generalistas de Neuch\u00e2tel.<\/p>\n<p>Em Maio de 2017, ele abriu o seu escrit\u00f3rio de advocacia na Rue de l\u2019H\u00f4pital em Neuch\u00e2tel e pratica l\u00e1 desde ent\u00e3o sua profiss\u00e3o de forma independente, ao lado de suas atividades de jurista por conta do Service cantonal de l\u2019am\u00e9nagement du territoire e de professor substituto no Centre professionnel des m\u00e9tiers du b\u00e2timent (CPMB).<\/p>\n<p>Al\u00e9m de fazer parte do Registo oficial dos Advogados de Neuch\u00e2tel, o Senhor Doutor David Rosa tamb\u00e9m \u00e9 s\u00f3cio ativo da <a href=\"http:\/\/www.oan.ch\/\">Ordem dos Advogados de Neuch\u00e2tel<\/a> e da <a href=\"http:\/\/www.swisslawyers.com\/\">Federa\u00e7\u00e3o Sui\u00e7a dos Advogados<\/a>.<\/p>\n<p>[\/vc_column_text][\/vc_column][\/vc_row][vc_row][vc_column][vc_column_text]<\/p>\n<h2>Filosofia<\/h2>\n<p>A abertura do seu escrit\u00f3rio em Neuch\u00e2tel, a fim de exercer como advogado independente, foi para o Senhor Doutor David Rosa a concretiza\u00e7\u00e3o duma vis\u00e3o, atrav\u00e9s duma profiss\u00e3o que lhe veio como uma evid\u00eancia\u00a0: tornar-se \u00fatil \u00e0 comunidade. Ele pretende aconselhar os clientes, ajud\u00e1-los a encontrar solu\u00e7\u00f5es para seus problemas, acompanh\u00e1-los e defender os seus interesses no caso dum processo qualquer.<\/p>\n<p>De acordo com as suas actividades, o Senhor Doutor David Rosa presta conselhos e apoio aos clientes, tanto em franc\u00eas como em portugu\u00eas, ou seja a sua l\u00edngua materna.<\/p>\n<p>Segundo ele, o advogado \u00e9 um parceiro especialista que \u00e9 capaz de apoiar e defender os clientes, sejam eles particulares ou empresas, em todas as \u00e1reas da vida quotidiana. \u00c9 claro que ele n\u00e3o defende s\u00f3 as pessoas perante os tribunais, uma vez que ele \u00e9 principalmente um conselheiro em assuntos jur\u00eddicos, o qual pode intervir tanto num processo que fora de qualquer lit\u00edgio.<\/p>\n<p>Para o Senhor Doutor Rosa, a liga\u00e7\u00e3o entre o advogado e seu cliente n\u00e3o \u00e9 em qualquer caso, uma mera rela\u00e7\u00e3o de neg\u00f3cios. \u00c9 sobretudo uma rela\u00e7\u00e3o especial que certamente implica compet\u00eancias especializadas, mas antes de mais nada e acima de tudo uma rela\u00e7\u00e3o pessoal de absoluta confian\u00e7a entre ele e o cliente. Ele quer mesmo que os seus clientes saibam e tenham a convic\u00e7\u00e3o\u00a0 que ele vai represent\u00e1-los e agir em nome deles com empenho, energia e entusiasmo, em todas as circunst\u00e2ncias, e com total independ\u00eancia e isen\u00e7\u00e3o.<\/p>\n<p>&nbsp;<\/p>\n<p>[\/vc_column_text][\/vc_column][\/vc_row]<\/p>\n<p>&nbsp;<\/p>\n<p>[vc_row][vc_column][vc_column_text]<\/p>\n<h2>L\u00ednguas de trabalho<\/h2>\n<p>Franc\u00eas (l\u00edngua materna)<br \/>\nPortugu\u00eas (l\u00edngua materna)<br \/>\nIngl\u00eas<br \/>\nEspanhol[\/vc_column_text][\/vc_column][\/vc_row]<\/p>\n","protected":false},"excerpt":{"rendered":"<p>[vc_row][vc_column width=&#8221;1\/2&#8243;][\/vc_column][vc_column width=&#8221;1\/2&#8243;][vc_column_text] Biografia O Senhor Doutor David Rosa, nascido no dia 18 de Novembro de 1983 em Neuch\u00e2tel, realizou a escolaridade obrigat\u00f3ria com sucesso, e obteve especialmente o seu Certificado de L\u00edngua e Cultura Portugu\u00easas em 1999. Ele estudou na Faculdade de Direito da Universidade de Neuch\u00e2tel e recebeu o seu Mestrado em Direito [&hellip;]<\/p>\n","protected":false},"author":6,"featured_media":0,"parent":0,"menu_order":0,"comment_status":"closed","ping_status":"closed","template":"","meta":[],"translation":{"provider":"WPGlobus","version":"2.12.2","language":"pt","enabled_languages":["fr","pt"],"languages":{"fr":{"title":true,"content":true,"excerpt":false},"pt":{"title":true,"content":true,"excerpt":false}}},"_links":{"self":[{"href":"https:\/\/www.davidrosa-avocat.ch\/pt\/wp-json\/wp\/v2\/pages\/4954"}],"collection":[{"href":"https:\/\/www.davidrosa-avocat.ch\/pt\/wp-json\/wp\/v2\/pages"}],"about":[{"href":"https:\/\/www.davidrosa-avocat.ch\/pt\/wp-json\/wp\/v2\/types\/page"}],"author":[{"embeddable":true,"href":"https:\/\/www.davidrosa-avocat.ch\/pt\/wp-json\/wp\/v2\/users\/6"}],"replies":[{"embeddable":true,"href":"https:\/\/www.davidrosa-avocat.ch\/pt\/wp-json\/wp\/v2\/comments?post=4954"}],"version-history":[{"count":31,"href":"https:\/\/www.davidrosa-avocat.ch\/pt\/wp-json\/wp\/v2\/pages\/4954\/revisions"}],"predecessor-version":[{"id":5122,"href":"https:\/\/www.davidrosa-avocat.ch\/pt\/wp-json\/wp\/v2\/pages\/4954\/revisions\/5122"}],"wp:attachment":[{"href":"https:\/\/www.davidrosa-avocat.ch\/pt\/wp-json\/wp\/v2\/media?parent=4954"}],"curies":[{"name":"wp","href":"https:\/\/api.w.org\/{rel}","templated":true}]}}