{"id":4909,"date":"2017-04-25T15:27:24","date_gmt":"2017-04-25T13:27:24","guid":{"rendered":"https:\/\/www.davidrosa-avocat.ch\/?page_id=4909"},"modified":"2017-05-01T22:21:50","modified_gmt":"2017-05-01T20:21:50","slug":"liens","status":"publish","type":"page","link":"https:\/\/www.davidrosa-avocat.ch\/pt\/liens\/","title":{"rendered":"Links \u00dateis"},"content":{"rendered":"<p>[vc_row effect=&#8221;fadeInDown&#8221;][vc_column][vc_column_text]<\/p>\n<h3>L\u00e9gislation et autorit\u00e9s<\/h3>\n<table border=\"0\" width=\"100%\">\n<tbody>\n<tr>\n<td style=\"text-align: left !important;\" width=\"38%\"><strong>L\u00e9gislation f\u00e9d\u00e9rale<\/strong><\/td>\n<td style=\"text-align: left !important;\" width=\"62%\"><a href=\"https:\/\/www.admin.ch\/gov\/fr\/accueil\/droit-federal.html\">https:\/\/www.admin.ch\/gov\/fr\/accueil\/droit-federal.html<\/a><\/td>\n<\/tr>\n<tr>\n<td style=\"text-align: left !important;\"><strong>Tribunal f\u00e9d\u00e9ral et jurisprudence<\/strong><\/td>\n<td style=\"text-align: left !important;\"><a href=\"http:\/\/www.bger.ch\/fr\/index.htm\">http:\/\/www.bger.ch\/fr\/index.htm<\/a><\/td>\n<\/tr>\n<tr>\n<td style=\"text-align: left !important;\"><strong>L\u00e9gislation (Recueil syst\u00e9matique de la l\u00e9gislation neuch\u00e2teloise RSN) et jurisprudence (Tribunal cantonal et autorit\u00e9s administratives) neuch\u00e2teloises<\/strong><\/td>\n<td style=\"text-align: left !important;\"><a href=\"http:\/\/www.ne.ch\/legislation-jurisprudence\/Pages\/accueil.aspx\">http:\/\/www.ne.ch\/legislation-jurisprudence\/Pages\/accueil.aspx<\/a><\/td>\n<\/tr>\n<tr>\n<td style=\"text-align: left !important;\"><strong>Autorit\u00e9s du pouvoir judiciaire neuch\u00e2telois PJNE<\/strong><\/td>\n<td style=\"text-align: left !important;\"><a href=\"http:\/\/www.ne.ch\/autorites\/PJNE\/Pages\/accueil.aspx\">http:\/\/www.ne.ch\/autorites\/PJNE\/Pages\/accueil.aspx<\/a><\/td>\n<\/tr>\n<\/tbody>\n<\/table>\n<h3>Profession d&#8217;avocat<\/h3>\n<table border=\"0\" width=\"100%\">\n<tbody>\n<tr>\n<td style=\"text-align: left !important;\" width=\"38%\"><strong>F\u00e9d\u00e9ration suisse des avocats (FSA)<\/strong><\/td>\n<td style=\"text-align: left !important;\" width=\"62%\"><a href=\"https:\/\/www.sav-fsa.ch\/fr\/home.html\">https:\/\/www.sav-fsa.ch\/fr\/home.html<\/a><\/td>\n<\/tr>\n<tr>\n<td style=\"text-align: left !important;\"><strong>Ordre des avocats neuch\u00e2telois (OAN)<\/strong><\/td>\n<td style=\"text-align: left !important;\"><a href=\"http:\/\/www.oan.ch\/accueil\/\">http:\/\/www.oan.ch\/accueil\/<\/a><\/td>\n<\/tr>\n<tr>\n<td style=\"text-align: left !important;\"><strong>Code suisse de d\u00e9ontologie<\/strong><\/td>\n<td style=\"text-align: left !important;\"><a href=\"https:\/\/www.sav-fsa.ch\/fr\/anwaltsrecht\/berufsregeln-national.html\">https:\/\/www.sav-fsa.ch\/fr\/anwaltsrecht\/berufsregeln-national.html<\/a><\/td>\n<\/tr>\n<\/tbody>\n<\/table>\n<h3>Autres liens utiles<\/h3>\n<table border=\"0\" width=\"100%\">\n<tbody>\n<tr>\n<td style=\"text-align: left !important;\" width=\"38%\"><strong>G\u00e9oportail du Syst\u00e8me d\u2019Information du Territoire Neuch\u00e2telois SITN<\/strong><\/td>\n<td style=\"text-align: left !important;\" width=\"62%\"><a href=\"http:\/\/sitn.ne.ch\/theme\/main\">http:\/\/sitn.ne.ch\/theme\/main<\/a><\/td>\n<\/tr>\n<tr>\n<td style=\"text-align: left !important;\"><strong>Index central des raisons de commerce<\/strong><\/td>\n<td style=\"text-align: left !important;\"><a href=\"http:\/\/www.zefix.ch\">http:\/\/www.zefix.ch<\/a><\/td>\n<\/tr>\n<\/tbody>\n<\/table>\n<p>[\/vc_column_text][\/vc_column][\/vc_row]<\/p>\n","protected":false},"excerpt":{"rendered":"<p>[vc_row effect=&#8221;fadeInDown&#8221;][vc_column][vc_column_text] L\u00e9gislation et autorit\u00e9s L\u00e9gislation f\u00e9d\u00e9rale https:\/\/www.admin.ch\/gov\/fr\/accueil\/droit-federal.html Tribunal f\u00e9d\u00e9ral et jurisprudence http:\/\/www.bger.ch\/fr\/index.htm L\u00e9gislation (Recueil syst\u00e9matique de la l\u00e9gislation neuch\u00e2teloise RSN) et jurisprudence (Tribunal cantonal et autorit\u00e9s administratives) neuch\u00e2teloises http:\/\/www.ne.ch\/legislation-jurisprudence\/Pages\/accueil.aspx Autorit\u00e9s du pouvoir judiciaire neuch\u00e2telois PJNE http:\/\/www.ne.ch\/autorites\/PJNE\/Pages\/accueil.aspx Profession d&#8217;avocat F\u00e9d\u00e9ration suisse des avocats (FSA) https:\/\/www.sav-fsa.ch\/fr\/home.html Ordre des avocats neuch\u00e2telois (OAN) http:\/\/www.oan.ch\/accueil\/ Code suisse de d\u00e9ontologie [&hellip;]<\/p>\n","protected":false},"author":6,"featured_media":0,"parent":0,"menu_order":0,"comment_status":"closed","ping_status":"closed","template":"","meta":[],"translation":{"provider":"WPGlobus","version":"2.12.2","language":"pt","enabled_languages":["fr","pt"],"languages":{"fr":{"title":true,"content":true,"excerpt":false},"pt":{"title":true,"content":false,"excerpt":false}}},"_links":{"self":[{"href":"https:\/\/www.davidrosa-avocat.ch\/pt\/wp-json\/wp\/v2\/pages\/4909"}],"collection":[{"href":"https:\/\/www.davidrosa-avocat.ch\/pt\/wp-json\/wp\/v2\/pages"}],"about":[{"href":"https:\/\/www.davidrosa-avocat.ch\/pt\/wp-json\/wp\/v2\/types\/page"}],"author":[{"embeddable":true,"href":"https:\/\/www.davidrosa-avocat.ch\/pt\/wp-json\/wp\/v2\/users\/6"}],"replies":[{"embeddable":true,"href":"https:\/\/www.davidrosa-avocat.ch\/pt\/wp-json\/wp\/v2\/comments?post=4909"}],"version-history":[{"count":19,"href":"https:\/\/www.davidrosa-avocat.ch\/pt\/wp-json\/wp\/v2\/pages\/4909\/revisions"}],"predecessor-version":[{"id":4912,"href":"https:\/\/www.davidrosa-avocat.ch\/pt\/wp-json\/wp\/v2\/pages\/4909\/revisions\/4912"}],"wp:attachment":[{"href":"https:\/\/www.davidrosa-avocat.ch\/pt\/wp-json\/wp\/v2\/media?parent=4909"}],"curies":[{"name":"wp","href":"https:\/\/api.w.org\/{rel}","templated":true}]}}