{"id":35,"date":"2013-10-11T15:46:20","date_gmt":"2013-10-11T15:46:20","guid":{"rendered":"http:\/\/themeforest.unitedthemes.com\/wpversions\/brooklyn\/xml\/demo10\/?page_id=35"},"modified":"2019-04-02T16:47:46","modified_gmt":"2019-04-02T14:47:46","slug":"front-page","status":"publish","type":"page","link":"https:\/\/www.davidrosa-avocat.ch\/pt\/","title":{"rendered":"David Rosa &#8211; Advogado em Neuch\u00e2tel"},"content":{"rendered":"<p>O Senhor Doutor David Rosa exerce a suas actividades em todas as \u00e1reas do direito, quer para pessoas quer para empresas, no seu gabinete convenientemente localizado no cora\u00e7\u00e3o da cidade de Neuch\u00e2tel.<\/p>\n<p>A gama de servi\u00e7os oferecidos inclui consultoria, representa\u00e7\u00e3o legal e assist\u00eancia jur\u00eddica global dos clientes perante as autoridades e tribunais nas \u00a0\u00e1reas civis, criminais e administrativas, tanto a n\u00edvel cantonal como federal.<\/p>\n<p>O Senhor Doutor \u00a0Rosa pretende defender os interesses e prestar conselhos jur\u00eddicos e estrat\u00e9gicos aos clientes, com convic\u00e7\u00e3o, rapidez e dinamismo, em contexto de processos judiciais, lit\u00edgios extrajudiciais ou media\u00e7\u00f5es, sempre de acordo com os princ\u00edpios de transpar\u00eancia, de independ\u00eancia e de sigilo profissional que caracterizam a profiss\u00e3o de advogado.<\/p>\n<p>O gabinete do Senhor Doutor Rosa pretende ser um espa\u00e7o acolhedor onde a pessoa que lhe dar\u00e1 o privil\u00e9gio de bater \u00e0 sua porta, vai perceber que \u00e9 realmente ouvida e apoiada no que precisar, com tratamento personalizado, e que n\u00e3o \u00e9 um cliente simples entre muitos outros.<\/p>\n","protected":false},"excerpt":{"rendered":"<p>O Senhor Doutor David Rosa exerce a suas actividades em todas as \u00e1reas do direito, quer para pessoas quer para empresas, no seu gabinete convenientemente localizado no cora\u00e7\u00e3o da cidade de Neuch\u00e2tel. A gama de servi\u00e7os oferecidos inclui consultoria, representa\u00e7\u00e3o legal e assist\u00eancia jur\u00eddica global dos clientes perante as autoridades e tribunais nas \u00a0\u00e1reas civis, [&hellip;]<\/p>\n","protected":false},"author":6,"featured_media":0,"parent":0,"menu_order":0,"comment_status":"closed","ping_status":"open","template":"","meta":[],"translation":{"provider":"WPGlobus","version":"2.12.2","language":"pt","enabled_languages":["fr","pt"],"languages":{"fr":{"title":true,"content":true,"excerpt":false},"pt":{"title":true,"content":true,"excerpt":false}}},"_links":{"self":[{"href":"https:\/\/www.davidrosa-avocat.ch\/pt\/wp-json\/wp\/v2\/pages\/35"}],"collection":[{"href":"https:\/\/www.davidrosa-avocat.ch\/pt\/wp-json\/wp\/v2\/pages"}],"about":[{"href":"https:\/\/www.davidrosa-avocat.ch\/pt\/wp-json\/wp\/v2\/types\/page"}],"author":[{"embeddable":true,"href":"https:\/\/www.davidrosa-avocat.ch\/pt\/wp-json\/wp\/v2\/users\/6"}],"replies":[{"embeddable":true,"href":"https:\/\/www.davidrosa-avocat.ch\/pt\/wp-json\/wp\/v2\/comments?post=35"}],"version-history":[{"count":12,"href":"https:\/\/www.davidrosa-avocat.ch\/pt\/wp-json\/wp\/v2\/pages\/35\/revisions"}],"predecessor-version":[{"id":5121,"href":"https:\/\/www.davidrosa-avocat.ch\/pt\/wp-json\/wp\/v2\/pages\/35\/revisions\/5121"}],"wp:attachment":[{"href":"https:\/\/www.davidrosa-avocat.ch\/pt\/wp-json\/wp\/v2\/media?parent=35"}],"curies":[{"name":"wp","href":"https:\/\/api.w.org\/{rel}","templated":true}]}}