{"id":1943,"date":"2013-10-22T21:19:58","date_gmt":"2013-10-22T21:19:58","guid":{"rendered":"http:\/\/themeforest.unitedthemes.com\/wpversions\/brooklyn\/xml\/demo10\/?page_id=1943"},"modified":"2017-05-01T23:14:52","modified_gmt":"2017-05-01T21:14:52","slug":"honoraires","status":"publish","type":"page","link":"https:\/\/www.davidrosa-avocat.ch\/pt\/honoraires\/","title":{"rendered":"Honor\u00e1rios"},"content":{"rendered":"<p>Os honor\u00e1rios s\u00e3o calculadas caso a caso, de acordo com v\u00e1rios crit\u00e9rios, conforme exigido pela nossa profiss\u00e3o. O advogado tem direito aos honor\u00e1rios definidos tendo especialmente em considera\u00e7\u00e3o a experi\u00eancia e o esfor\u00e7o exigido, o tempo dedicado ao mandato, as dificuldades e os prazos de execu\u00e7\u00e3o, a import\u00e2ncia dos interesses envolvidos, a situa\u00e7\u00e3o do cliente, bem como os resultados obtidos.<\/p>\n<p>Um adiantamento sobre os honor\u00e1rios j\u00e1 incorridos ou futuros, chamado provis\u00e3o, \u00e9 geralmente solicitado, e al\u00e9m disso o advogado informa regularmente o seu cliente dos honor\u00e1rios e dos custos envolvidos no processo. Ele fatura tamb\u00e9m suas despesas e os montantes talvez avan\u00e7ados, bem como o IVA \u00e0 taxa legal.<\/p>\n<p>O tempo dedicado a um caso \u00e9 o fator que mais influencia a fixa\u00e7\u00e3o dos honor\u00e1rios. Um advogado fatura geralmente seus servi\u00e7os nesta base, de acordo com um valor hor\u00e1rio. N\u00e3o h\u00e1 tarifa sobre isso, uma vez que isso \u00e9 proibido por lei.<\/p>\n<p>Os montantes dos honor\u00e1rios variam de um <em>cant\u00e3o<\/em> para outro. No <em>cant\u00e3o<\/em> de Neuch\u00e2tel, eles s\u00e3o bastante razo\u00e1veis em compara\u00e7\u00e3o com o que \u00e9 praticado em outras regi\u00f5es ou cidades na Su\u00ed\u00e7a. O valor por hora \u00e9 previsto na primeira consulta e encontra-se em todo caso na m\u00e9dia da regi\u00e3o de Neuch\u00e2tel. Finalmente, os honor\u00e1rios devem corresponder ao que \u00e9 praticado na profiss\u00e3o de advogado.<\/p>\n<p>Na Su\u00ed\u00e7a, \u00e9 ilegal a um advogado renunciar com anteced\u00eancia a todos os honor\u00e1rios quando um cliente \u00e9 vencido em tribunal. De igual forma, \u00e9 proibido fazer-se prometer uma remunera\u00e7\u00e3o baseada em apenas uma parte do que ir\u00e1 receber seu cliente (<em>pactum de quota litis<\/em>). Pelo contr\u00e1rio, o que est\u00e1 autorizado, \u00e9 a previs\u00e3o de um aumento do valor hor\u00e1rio indexado ao aumento do valor envolvido no lit\u00edgio, assim como a previs\u00e3o de uma participa\u00e7\u00e3o no montante que o advogado faz ganhar ou poupar ao cliente, para al\u00e9m dos honor\u00e1rios calculados com base em tarifa hor\u00e1ria prevista (<em>pactum de palmario<\/em>).<\/p>\n<p>Uma pessoa que n\u00e3o tem os meios financeiros para pagar um advogado pode solicitar a assist\u00eancia judici\u00e1ria ou administrativa, a qual pode ser concedida mediante a avalia\u00e7\u00e3o de condi\u00e7\u00f5es pr\u00e9vias. Essa ajuda \u00e9 concedida na forma de um adiamento pago pelo Estado ao advogado, a uma tarifa reduzida, que depois ter\u00e1 de ser reembolsada no futuro.<\/p>\n","protected":false},"excerpt":{"rendered":"<p>Os honor\u00e1rios s\u00e3o calculadas caso a caso, de acordo com v\u00e1rios crit\u00e9rios, conforme exigido pela nossa profiss\u00e3o. O advogado tem direito aos honor\u00e1rios definidos tendo especialmente em considera\u00e7\u00e3o a experi\u00eancia e o esfor\u00e7o exigido, o tempo dedicado ao mandato, as dificuldades e os prazos de execu\u00e7\u00e3o, a import\u00e2ncia dos interesses envolvidos, a situa\u00e7\u00e3o do cliente, [&hellip;]<\/p>\n","protected":false},"author":6,"featured_media":0,"parent":0,"menu_order":0,"comment_status":"closed","ping_status":"open","template":"","meta":[],"translation":{"provider":"WPGlobus","version":"2.12.2","language":"pt","enabled_languages":["fr","pt"],"languages":{"fr":{"title":true,"content":true,"excerpt":false},"pt":{"title":true,"content":true,"excerpt":false}}},"_links":{"self":[{"href":"https:\/\/www.davidrosa-avocat.ch\/pt\/wp-json\/wp\/v2\/pages\/1943"}],"collection":[{"href":"https:\/\/www.davidrosa-avocat.ch\/pt\/wp-json\/wp\/v2\/pages"}],"about":[{"href":"https:\/\/www.davidrosa-avocat.ch\/pt\/wp-json\/wp\/v2\/types\/page"}],"author":[{"embeddable":true,"href":"https:\/\/www.davidrosa-avocat.ch\/pt\/wp-json\/wp\/v2\/users\/6"}],"replies":[{"embeddable":true,"href":"https:\/\/www.davidrosa-avocat.ch\/pt\/wp-json\/wp\/v2\/comments?post=1943"}],"version-history":[{"count":4,"href":"https:\/\/www.davidrosa-avocat.ch\/pt\/wp-json\/wp\/v2\/pages\/1943\/revisions"}],"predecessor-version":[{"id":5078,"href":"https:\/\/www.davidrosa-avocat.ch\/pt\/wp-json\/wp\/v2\/pages\/1943\/revisions\/5078"}],"wp:attachment":[{"href":"https:\/\/www.davidrosa-avocat.ch\/pt\/wp-json\/wp\/v2\/media?parent=1943"}],"curies":[{"name":"wp","href":"https:\/\/api.w.org\/{rel}","templated":true}]}}