{"id":1893,"date":"2013-10-21T21:58:04","date_gmt":"2013-10-21T21:58:04","guid":{"rendered":"http:\/\/themeforest.unitedthemes.com\/wpversions\/brooklyn\/xml\/demo10\/?page_id=1893"},"modified":"2018-04-18T15:46:35","modified_gmt":"2018-04-18T13:46:35","slug":"domainedactivites","status":"publish","type":"page","link":"https:\/\/www.davidrosa-avocat.ch\/pt\/domainedactivites\/","title":{"rendered":"\u00c1REAS DE ACTIVIDADE"},"content":{"rendered":"<p>[vc_row][vc_column width=&#8221;3\/3&#8243;]<div class=\"wpb_content_element \"><style type=\"text\/css\" scoped>#ut_header_69eded56ddb74 h2 span { background:#FFF; }<\/style><header id=\"ut_header_69eded56ddb74\" class=\"section-header pt-style-1 header-center\"><h2 class=\"section-title\"><span>Direito civil<\/span><\/h2><div class=\"lead\"><p>O direito civil \u00e9 um ramo do direito privado que rege as rela\u00e7\u00f5es entre as pessoas, sejam elas pessoas f\u00edsicas ou empresas.<\/p>\n<\/div><\/header><\/div>[vc_message style=&#8221;square&#8221; message_box_color=&#8221;grey&#8221; icon_type=&#8221;openiconic&#8221; icon_openiconic=&#8221;vc-oi vc-oi-info&#8221;]O direito civil \u00e9 um ramo do direito privado que rege as rela\u00e7\u00f5es entre as pessoas, sejam elas pessoas f\u00edsicas ou empresas.[\/vc_message][\/vc_column][vc_column width=&#8221;1\/3&#8243;]<div class=\"wpb_content_element \"><div id=\"utbx_o_69eded56ddc7e\" class=\"ut-service-icon-box  clearfix  ut-service-icon-box-center\"><style type=\"text\/css\" scoped>#utbx_69eded56ddc47 { background:#fda527; }#utbx_69eded56ddc47:hover { background: #fda527; } #utbx_69eded56ddc47:after { box-shadow: 0 0 0 4px #fda527; } #utbx_o_69eded56ddc7e h3 { color:#000000 !important; }#utbx_o_69eded56ddc7e p { color:#000000 !important; }#utbx_69eded56ddc47 { color:#ffffff; }#utbx_69eded56ddc47:hover { color: #ffffff; } <\/style><div class=\"ut-highlight-icon-wrap ut-highlight-icon-effect\"><a id=\"utbx_69eded56ddc47\" data-id=\"utbx_69eded56ddc47\" data-hovercolor=\"#fda527\"   class=\"ut-highlight-icon fa fa-wpforms\" href=\"#\" target=\"_self\"><\/a><\/div><div class=\"ut-service-icon-box-content\"><h3>Direito das obriga\u00e7\u00f5es<\/h3><p>Direito das sociedades<br \/>\nResponsabilidade civil<\/p>\n<div><\/div>\n<div><\/div>\n<div><\/div><\/div><\/div><\/div>[vc_empty_space height=&#8221;70px&#8221;]<div class=\"wpb_content_element \"><div id=\"utbx_o_69eded56dddef\" class=\"ut-service-icon-box  clearfix  ut-service-icon-box-center\"><style type=\"text\/css\" scoped>#utbx_69eded56dddb7 { background:#fda527; }#utbx_69eded56dddb7:hover { background: #fda527; } #utbx_69eded56dddb7:after { box-shadow: 0 0 0 4px #fda527; } #utbx_o_69eded56dddef h3 { color:#fda527 !important; }#utbx_o_69eded56dddef p { color:#fda527 !important; }#utbx_69eded56dddb7 { color:#ffffff; }#utbx_69eded56dddb7:hover { color: #ffffff; } <\/style><div class=\"ut-highlight-icon-wrap ut-highlight-icon-effect\"><a id=\"utbx_69eded56dddb7\" data-id=\"utbx_69eded56dddb7\" data-hovercolor=\"#fda527\"   class=\"ut-highlight-icon fa fa-users\" href=\"#\" target=\"_self\"><\/a><\/div><div class=\"ut-service-icon-box-content\"><h3>Direito de Fam\u00edlia e direitos da Crian\u00e7a<\/h3><p><\/p><\/div><\/div><\/div><div class=\"wpb_content_element \"><div id=\"utbx_o_69eded56dded4\" class=\"ut-service-icon-box  clearfix  ut-service-icon-box-center\"><style type=\"text\/css\" scoped>#utbx_69eded56dde9d { background:#fda527; }#utbx_69eded56dde9d:hover { background: #fda527; } #utbx_69eded56dde9d:after { box-shadow: 0 0 0 4px #fda527; } #utbx_o_69eded56dded4 h3 { color:#000000 !important; }#utbx_o_69eded56dded4 p { color:#000000 !important; }#utbx_69eded56dde9d { color:#ffffff; }#utbx_69eded56dde9d:hover { color: #ffffff; } <\/style><div class=\"ut-highlight-icon-wrap ut-highlight-icon-effect\"><a id=\"utbx_69eded56dde9d\" data-id=\"utbx_69eded56dde9d\" data-hovercolor=\"#fda527\"   class=\"ut-highlight-icon fa fa-heart-o\" href=\"#\" target=\"_self\"><\/a><\/div><div class=\"ut-service-icon-box-content\"><h3>Direito matrimonial e div\u00f3rcio<\/h3><p><\/p><\/div><\/div><\/div>[\/vc_column][vc_column width=&#8221;1\/3&#8243;]<div class=\"wpb_content_element \"><div id=\"utbx_o_69eded56ddf80\" class=\"ut-service-icon-box  clearfix  ut-service-icon-box-center\"><style type=\"text\/css\" scoped>#utbx_69eded56ddf49 { background:#fda527; }#utbx_69eded56ddf49:hover { background: #fda527; } #utbx_69eded56ddf49:after { box-shadow: 0 0 0 4px #fda527; } #utbx_o_69eded56ddf80 h3 { color:#000000 !important; }#utbx_o_69eded56ddf80 p { color:#000000 !important; }#utbx_69eded56ddf49 { color:#ffffff; }#utbx_69eded56ddf49:hover { color: #ffffff; } <\/style><div class=\"ut-highlight-icon-wrap ut-highlight-icon-effect\"><a id=\"utbx_69eded56ddf49\" data-id=\"utbx_69eded56ddf49\" data-hovercolor=\"#fda527\"   class=\"ut-highlight-icon fa fa-pencil-square-o\" href=\"#\" target=\"_self\"><\/a><\/div><div class=\"ut-service-icon-box-content\"><h3>Direito dos contratos<\/h3><p>Contrato de venda<br \/>\nContrato de empreitada<br \/>\nContrato de presta\u00e7\u00e3o de servi\u00e7os e neg\u00f3cios<br \/>\nDireito da constru\u00e7\u00e3o<br \/>\nContrato de arrendamento<br \/>\nContrato de trabalho<br \/>\nElabora\u00e7\u00e3o e negocia\u00e7\u00e3o de contratos<\/p><\/div><\/div><\/div><div class=\"wpb_content_element \"><div id=\"utbx_o_69eded56de029\" class=\"ut-service-icon-box  clearfix  ut-service-icon-box-center\"><style type=\"text\/css\" scoped>#utbx_69eded56ddfee { background:#fda527; }#utbx_69eded56ddfee:hover { background: #fda527; } #utbx_69eded56ddfee:after { box-shadow: 0 0 0 4px #fda527; } #utbx_o_69eded56de029 h3 { color:#fda527 !important; }#utbx_o_69eded56de029 p { color:#fda527 !important; }#utbx_69eded56ddfee { color:#ffffff; }#utbx_69eded56ddfee:hover { color: #ffffff; } <\/style><div class=\"ut-highlight-icon-wrap ut-highlight-icon-effect\"><a id=\"utbx_69eded56ddfee\" data-id=\"utbx_69eded56ddfee\" data-hovercolor=\"#fda527\"   class=\"ut-highlight-icon fa fa-home\" href=\"#\" target=\"_self\"><\/a><\/div><div class=\"ut-service-icon-box-content\"><h3>Direitos reais, imobili\u00e1rio e vizinhan\u00e7a<\/h3><p><\/p><\/div><\/div><\/div><div class=\"wpb_content_element \"><div id=\"utbx_o_69eded56de0c9\" class=\"ut-service-icon-box  clearfix  ut-service-icon-box-center\"><style type=\"text\/css\" scoped>#utbx_69eded56de093 { background:#fda527; }#utbx_69eded56de093:hover { background: #fda527; } #utbx_69eded56de093:after { box-shadow: 0 0 0 4px #fda527; } #utbx_o_69eded56de0c9 h3 { color:#000000 !important; }#utbx_o_69eded56de0c9 p { color:#000000 !important; }#utbx_69eded56de093 { color:#ffffff; }#utbx_69eded56de093:hover { color: #ffffff; } <\/style><div class=\"ut-highlight-icon-wrap ut-highlight-icon-effect\"><a id=\"utbx_69eded56de093\" data-id=\"utbx_69eded56de093\" data-hovercolor=\"#fda527\"   class=\"ut-highlight-icon fa fa-leaf\" href=\"#\" target=\"_self\"><\/a><\/div><div class=\"ut-service-icon-box-content\"><h3>Direito predial (rural) e agr\u00e1rio (lei agr\u00edcola)<\/h3><p><\/p><\/div><\/div><\/div><div class=\"wpb_content_element \"><div id=\"utbx_o_69eded56de166\" class=\"ut-service-icon-box  clearfix  ut-service-icon-box-center\"><style type=\"text\/css\" scoped>#utbx_69eded56de130 { background:#fda527; }#utbx_69eded56de130:hover { background: #fda527; } #utbx_69eded56de130:after { box-shadow: 0 0 0 4px #fda527; } #utbx_o_69eded56de166 h3 { color:#000000 !important; }#utbx_o_69eded56de166 p { color:#000000 !important; }#utbx_69eded56de130 { color:#ffffff; }#utbx_69eded56de130:hover { color: #ffffff; } <\/style><div class=\"ut-highlight-icon-wrap ut-highlight-icon-effect\"><a id=\"utbx_69eded56de130\" data-id=\"utbx_69eded56de130\" data-hovercolor=\"#fda527\"   class=\"ut-highlight-icon fa fa-retweet\" href=\"#\" target=\"_self\"><\/a><\/div><div class=\"ut-service-icon-box-content\"><h3>Processo Civil<\/h3><p><\/p><\/div><\/div><\/div><div class=\"wpb_content_element \"><style type=\"text\/css\" scoped>#bklyn_btn_69eded56de1fb .bklyn-btn { border-width:px; border-radius:px; }<\/style><div id=\"bklyn_cta_69eded56de1c5\" class=\"bklyn-call-to-action-wrapper\"><div class=\"bklyn-call-to-action-inner clearfix\"><div class=\"bklyn-call-to-action-content\"><\/div><\/div><\/div><\/div>[\/vc_column][vc_column width=&#8221;1\/3&#8243;]<div class=\"wpb_content_element \"><div id=\"utbx_o_69eded56de29d\" class=\"ut-service-icon-box  clearfix  ut-service-icon-box-center\"><style type=\"text\/css\" scoped>#utbx_69eded56de266 { background:#fda527; }#utbx_69eded56de266:hover { background: #fda527; } #utbx_69eded56de266:after { box-shadow: 0 0 0 4px #fda527; } #utbx_o_69eded56de29d h3 { color:#fda527 !important; }#utbx_o_69eded56de29d p { color:#fda527 !important; }#utbx_69eded56de266 { color:#ffffff; }#utbx_69eded56de266:hover { color: #ffffff; } <\/style><div class=\"ut-highlight-icon-wrap ut-highlight-icon-effect\"><a id=\"utbx_69eded56de266\" data-id=\"utbx_69eded56de266\" data-hovercolor=\"#fda527\"   class=\"ut-highlight-icon fa fa-male\" href=\"#\" target=\"_self\"><\/a><\/div><div class=\"ut-service-icon-box-content\"><h3>Direito das pessoas e tutelas<\/h3><p><\/p><\/div><\/div><\/div>[vc_empty_space height=&#8221;130px&#8221;]<div class=\"wpb_content_element \"><div id=\"utbx_o_69eded56de33c\" class=\"ut-service-icon-box  clearfix  ut-service-icon-box-center\"><style type=\"text\/css\" scoped>#utbx_69eded56de306 { background:#fda527; }#utbx_69eded56de306:hover { background: #fda527; } #utbx_69eded56de306:after { box-shadow: 0 0 0 4px #fda527; } #utbx_o_69eded56de33c h3 { color:#fda527 !important; }#utbx_o_69eded56de33c p { color:#fda527 !important; }#utbx_69eded56de306 { color:#ffffff; }#utbx_69eded56de306:hover { color: #ffffff; } <\/style><div class=\"ut-highlight-icon-wrap ut-highlight-icon-effect\"><a id=\"utbx_69eded56de306\" data-id=\"utbx_69eded56de306\" data-hovercolor=\"#fda527\"   class=\"ut-highlight-icon fa fa-exchange\" href=\"#\" target=\"_self\"><\/a><\/div><div class=\"ut-service-icon-box-content\"><h3>Direito das sucess\u00f5es<\/h3><p><\/p><\/div><\/div><\/div><div class=\"wpb_content_element \"><div id=\"utbx_o_69eded56de3da\" class=\"ut-service-icon-box  clearfix  ut-service-icon-box-center\"><style type=\"text\/css\" scoped>#utbx_69eded56de3a3 { background:#fda527; }#utbx_69eded56de3a3:hover { background: #fda527; } #utbx_69eded56de3a3:after { box-shadow: 0 0 0 4px #fda527; } #utbx_o_69eded56de3da h3 { color:#000000 !important; }#utbx_o_69eded56de3da p { color:#000000 !important; }#utbx_69eded56de3a3 { color:#ffffff; }#utbx_69eded56de3a3:hover { color: #ffffff; } <\/style><div class=\"ut-highlight-icon-wrap ut-highlight-icon-effect\"><a id=\"utbx_69eded56de3a3\" data-id=\"utbx_69eded56de3a3\" data-hovercolor=\"#fda527\"   class=\"ut-highlight-icon fa fa-money\" href=\"#\" target=\"_self\"><\/a><\/div><div class=\"ut-service-icon-box-content\"><h3>Cobran\u00e7a de d\u00edvidas e da insolv\u00eancia (fal\u00eancia)<\/h3><p><\/p><\/div><\/div><\/div>[\/vc_column][\/vc_row][vc_row][vc_column width=&#8221;3\/3&#8243;]<div class=\"wpb_content_element \"><style type=\"text\/css\" scoped>#ut_header_69eded56de4a6 h2 span { background:#FFF; }<\/style><header id=\"ut_header_69eded56de4a6\" class=\"section-header pt-style-1 header-center\"><h2 class=\"section-title\"><span>Direito penal<\/span><\/h2><div class=\"lead\"><\/p>\n<div style=\"text-align: left;\">O direito penal \u00e9 o ramo do direito que determina as a\u00e7\u00f5es ou condutas punidas atrav\u00e9s de san\u00e7\u00f5es chamadas infra\u00e7\u00f5es.<\/div>\n<p>\n<\/div><\/header><\/div>[vc_message style=&#8221;square&#8221; message_box_color=&#8221;grey&#8221; icon_type=&#8221;openiconic&#8221; icon_openiconic=&#8221;vc-oi vc-oi-info&#8221;]O direito penal \u00e9 o ramo do direito que determina as a\u00e7\u00f5es ou condutas punidas atrav\u00e9s de san\u00e7\u00f5es chamadas infra\u00e7\u00f5es.<br \/>\nEle controla o relacionamento entre o Estado e os indiv\u00edduos. Atrav\u00e9s das san\u00e7\u00f5es aplicadas, a sociedade pune comportamentos listados principalmente no C\u00f3digo Penal Su\u00ed\u00e7o e que representam um perigo para o funcionamento social.<br \/>\nO direito penal contribui assim para a manuten\u00e7\u00e3o da ordem p\u00fablica, protege os valores e os bens jur\u00eddicos em nossa sociedade.<br \/>\n[\/vc_message][\/vc_column][vc_column width=&#8221;1\/3&#8243;]<div class=\"wpb_content_element \"><div id=\"utbx_o_69eded56de562\" class=\"ut-service-icon-box  clearfix  ut-service-icon-box-center\"><style type=\"text\/css\" scoped>#utbx_69eded56de52b { background:#fda527; }#utbx_69eded56de52b:hover { background: #fda527; } #utbx_69eded56de52b:after { box-shadow: 0 0 0 4px #fda527; } #utbx_o_69eded56de562 h3 { color:#fda527 !important; }#utbx_o_69eded56de562 p { color:#fda527 !important; }#utbx_69eded56de52b { color:#ffffff; }#utbx_69eded56de52b:hover { color: #ffffff; } <\/style><div class=\"ut-highlight-icon-wrap ut-highlight-icon-effect\"><a id=\"utbx_69eded56de52b\" data-id=\"utbx_69eded56de52b\" data-hovercolor=\"#fda527\"   class=\"ut-highlight-icon fa fa-car\" href=\"#\" target=\"_self\"><\/a><\/div><div class=\"ut-service-icon-box-content\"><h3>Direito de circula\u00e7\u00e3o rodovi\u00e1ria<\/h3><p><\/p><\/div><\/div><\/div>[\/vc_column][vc_column width=&#8221;1\/3&#8243;]<div class=\"wpb_content_element \"><div id=\"utbx_o_69eded56de608\" class=\"ut-service-icon-box  clearfix  ut-service-icon-box-center\"><style type=\"text\/css\" scoped>#utbx_69eded56de5d2 { background:#fda527; }#utbx_69eded56de5d2:hover { background: #fda527; } #utbx_69eded56de5d2:after { box-shadow: 0 0 0 4px #fda527; } #utbx_o_69eded56de608 h3 { color:#000000 !important; }#utbx_o_69eded56de608 p { color:#000000 !important; }#utbx_69eded56de5d2 { color:#ffffff; }#utbx_69eded56de5d2:hover { color: #ffffff; } <\/style><div class=\"ut-highlight-icon-wrap ut-highlight-icon-effect\"><a id=\"utbx_69eded56de5d2\" data-id=\"utbx_69eded56de5d2\" data-hovercolor=\"#fda527\"   class=\"ut-highlight-icon fa fa-circle-thin\" href=\"#\" target=\"_self\"><\/a><\/div><div class=\"ut-service-icon-box-content\"><h3>Direito penal, incluindo o direito penal de menores<\/h3><p><\/p><\/div><\/div><\/div>[\/vc_column][vc_column width=&#8221;1\/3&#8243;]<div class=\"wpb_content_element \"><div id=\"utbx_o_69eded56de6a8\" class=\"ut-service-icon-box  clearfix  ut-service-icon-box-center\"><style type=\"text\/css\" scoped>#utbx_69eded56de672 { background:#fda527; }#utbx_69eded56de672:hover { background: #fda527; } #utbx_69eded56de672:after { box-shadow: 0 0 0 4px #fda527; } #utbx_o_69eded56de6a8 h3 { color:#fda527 !important; }#utbx_o_69eded56de6a8 p { color:#fda527 !important; }#utbx_69eded56de672 { color:#ffffff; }#utbx_69eded56de672:hover { color: #ffffff; } <\/style><div class=\"ut-highlight-icon-wrap ut-highlight-icon-effect\"><a id=\"utbx_69eded56de672\" data-id=\"utbx_69eded56de672\" data-hovercolor=\"#fda527\"   class=\"ut-highlight-icon fa fa-line-chart\" href=\"#\" target=\"_self\"><\/a><\/div><div class=\"ut-service-icon-box-content\"><h3>Direito penal administrativo e econ\u00f3mico<\/h3><p><\/p><\/div><\/div><\/div>[\/vc_column][\/vc_row][vc_row][vc_column width=&#8221;3\/3&#8243;]<div class=\"wpb_content_element \"><style type=\"text\/css\" scoped>#ut_header_69eded56de776 h2 span { background:#FFF; }<\/style><header id=\"ut_header_69eded56de776\" class=\"section-header pt-style-1 header-center\"><h2 class=\"section-title\"><span>Direito administrativo<\/span><\/h2><div class=\"lead\"><\/p>\n<div style=\"text-align: left;\">O direito administrativo \u00e9 o conjunto de regras que<\/div>\n<p>\n<\/div><\/header><\/div>[vc_message style=&#8221;square&#8221; message_box_color=&#8221;grey&#8221; icon_type=&#8221;openiconic&#8221; icon_openiconic=&#8221;vc-oi vc-oi-info&#8221;]O direito administrativo \u00e9 o conjunto de regras que regem a administra\u00e7\u00e3o no seu funcionamento e nas suas rela\u00e7\u00f5es com os cidad\u00e3os. \u00c9 um ramo do direito p\u00fablico que governa portanto os \u00f3rg\u00e3os que est\u00e3o encarregados de realizar as v\u00e1rias interven\u00e7\u00f5es estatais. Em outras palavras, s\u00e3o todas as regras aplic\u00e1veis \u200b\u200b\u00e0 administra\u00e7\u00e3o.[\/vc_message][\/vc_column][vc_column width=&#8221;1\/3&#8243;]<div class=\"wpb_content_element \"><div id=\"utbx_o_69eded56de82d\" class=\"ut-service-icon-box  clearfix  ut-service-icon-box-center\"><style type=\"text\/css\" scoped>#utbx_69eded56de7f6 { background:#fda527; }#utbx_69eded56de7f6:hover { background: #fda527; } #utbx_69eded56de7f6:after { box-shadow: 0 0 0 4px #fda527; } #utbx_o_69eded56de82d h3 { color:#fda527 !important; }#utbx_o_69eded56de82d p { color:#fda527 !important; }#utbx_69eded56de7f6 { color:#ffffff; }#utbx_69eded56de7f6:hover { color: #ffffff; } <\/style><div class=\"ut-highlight-icon-wrap ut-highlight-icon-effect\"><a id=\"utbx_69eded56de7f6\" data-id=\"utbx_69eded56de7f6\" data-hovercolor=\"#fda527\"   class=\"ut-highlight-icon fa fa-pencil\" href=\"#\" target=\"_self\"><\/a><\/div><div class=\"ut-service-icon-box-content\"><h3>Direito administrativo geral<\/h3><p><\/p><\/div><\/div><\/div>[vc_empty_space height=&#8221;20px&#8221;]<div class=\"wpb_content_element \"><div id=\"utbx_o_69eded56de8d5\" class=\"ut-service-icon-box  clearfix  ut-service-icon-box-center\"><style type=\"text\/css\" scoped>#utbx_69eded56de89f { background:#fda527; }#utbx_69eded56de89f:hover { background: #fda527; } #utbx_69eded56de89f:after { box-shadow: 0 0 0 4px #fda527; } #utbx_o_69eded56de8d5 h3 { color:#fda527 !important; }#utbx_o_69eded56de8d5 p { color:#fda527 !important; }#utbx_69eded56de89f { color:#ffffff; }#utbx_69eded56de89f:hover { color: #ffffff; } <\/style><div class=\"ut-highlight-icon-wrap ut-highlight-icon-effect\"><a id=\"utbx_69eded56de89f\" data-id=\"utbx_69eded56de89f\" data-hovercolor=\"#fda527\"   class=\"ut-highlight-icon fa fa-picture-o\" href=\"#\" target=\"_self\"><\/a><\/div><div class=\"ut-service-icon-box-content\"><h3>Direito de planeamento urbano e ordenamento do territ\u00f3rio<\/h3><p><\/p><\/div><\/div><\/div><div class=\"wpb_content_element \"><div id=\"utbx_o_69eded56de976\" class=\"ut-service-icon-box  clearfix  ut-service-icon-box-center\"><style type=\"text\/css\" scoped>#utbx_69eded56de940 { background:#fda527; }#utbx_69eded56de940:hover { background: #fda527; } #utbx_69eded56de940:after { box-shadow: 0 0 0 4px #fda527; } #utbx_o_69eded56de976 h3 { color:#fda527 !important; }#utbx_o_69eded56de976 p { color:#fda527 !important; }#utbx_69eded56de940 { color:#ffffff; }#utbx_69eded56de940:hover { color: #ffffff; } <\/style><div class=\"ut-highlight-icon-wrap ut-highlight-icon-effect\"><a id=\"utbx_69eded56de940\" data-id=\"utbx_69eded56de940\" data-hovercolor=\"#fda527\"   class=\"ut-highlight-icon fa fa-file-text-o\" href=\"#\" target=\"_self\"><\/a><\/div><div class=\"ut-service-icon-box-content\"><h3>Direito de seguran\u00e7a social<\/h3><p><\/p><\/div><\/div><\/div>[\/vc_column][vc_column width=&#8221;1\/3&#8243;]<div class=\"wpb_content_element \"><div id=\"utbx_o_69eded56dea15\" class=\"ut-service-icon-box  clearfix  ut-service-icon-box-center\"><style type=\"text\/css\" scoped>#utbx_69eded56de9df { background:#fda527; }#utbx_69eded56de9df:hover { background: #fda527; } #utbx_69eded56de9df:after { box-shadow: 0 0 0 4px #fda527; } #utbx_o_69eded56dea15 h3 { color:#000000 !important; }#utbx_o_69eded56dea15 p { color:#000000 !important; }#utbx_69eded56de9df { color:#ffffff; }#utbx_69eded56de9df:hover { color: #ffffff; } <\/style><div class=\"ut-highlight-icon-wrap ut-highlight-icon-effect\"><a id=\"utbx_69eded56de9df\" data-id=\"utbx_69eded56de9df\" data-hovercolor=\"#fda527\"   class=\"ut-highlight-icon fa fa-road\" href=\"#\" target=\"_self\"><\/a><\/div><div class=\"ut-service-icon-box-content\"><h3>Direito de circula\u00e7\u00e3o rodovi\u00e1ria<\/h3><p><\/p><\/div><\/div><\/div>[vc_empty_space height=&#8221;20px&#8221;]<div class=\"wpb_content_element \"><div id=\"utbx_o_69eded56deab3\" class=\"ut-service-icon-box  clearfix  ut-service-icon-box-center\"><style type=\"text\/css\" scoped>#utbx_69eded56dea7d { background:#fda527; }#utbx_69eded56dea7d:hover { background: #fda527; } #utbx_69eded56dea7d:after { box-shadow: 0 0 0 4px #fda527; } #utbx_o_69eded56deab3 h3 { color:#000000 !important; }#utbx_o_69eded56deab3 p { color:#000000 !important; }#utbx_69eded56dea7d { color:#ffffff; }#utbx_69eded56dea7d:hover { color: #ffffff; } <\/style><div class=\"ut-highlight-icon-wrap ut-highlight-icon-effect\"><a id=\"utbx_69eded56dea7d\" data-id=\"utbx_69eded56dea7d\" data-hovercolor=\"#fda527\"   class=\"ut-highlight-icon fa fa-globe\" href=\"#\" target=\"_self\"><\/a><\/div><div class=\"ut-service-icon-box-content\"><h3>Direito dos estrangeiros<\/h3><p><\/p><\/div><\/div><\/div><div class=\"wpb_content_element \"><div id=\"utbx_o_69eded56deb51\" class=\"ut-service-icon-box  clearfix  ut-service-icon-box-center\"><style type=\"text\/css\" scoped>#utbx_69eded56deb1a { background:#fda527; }#utbx_69eded56deb1a:hover { background: #fda527; } #utbx_69eded56deb1a:after { box-shadow: 0 0 0 4px #fda527; } #utbx_o_69eded56deb51 h3 { color:#000000 !important; }#utbx_o_69eded56deb51 p { color:#000000 !important; }#utbx_69eded56deb1a { color:#ffffff; }#utbx_69eded56deb1a:hover { color: #ffffff; } <\/style><div class=\"ut-highlight-icon-wrap ut-highlight-icon-effect\"><a id=\"utbx_69eded56deb1a\" data-id=\"utbx_69eded56deb1a\" data-hovercolor=\"#fda527\"   class=\"ut-highlight-icon fa fa-pencil-square-o\" href=\"#\" target=\"_self\"><\/a><\/div><div class=\"ut-service-icon-box-content\"><h3>Processo Administrativo<\/h3><p><\/p><\/div><\/div><\/div>[\/vc_column][vc_column width=&#8221;1\/3&#8243;]<div class=\"wpb_content_element \"><div id=\"utbx_o_69eded56debf1\" class=\"ut-service-icon-box  clearfix  ut-service-icon-box-center\"><style type=\"text\/css\" scoped>#utbx_69eded56debba { background:#fda527; }#utbx_69eded56debba:hover { background: #fda527; } #utbx_69eded56debba:after { box-shadow: 0 0 0 4px #fda527; } #utbx_o_69eded56debf1 h3 { color:#fda527 !important; }#utbx_o_69eded56debf1 p { color:#fda527 !important; }#utbx_69eded56debba { color:#ffffff; }#utbx_69eded56debba:hover { color: #ffffff; } <\/style><div class=\"ut-highlight-icon-wrap ut-highlight-icon-effect\"><a id=\"utbx_69eded56debba\" data-id=\"utbx_69eded56debba\" data-hovercolor=\"#fda527\"   class=\"ut-highlight-icon fa fa-home\" href=\"#\" target=\"_self\"><\/a><\/div><div class=\"ut-service-icon-box-content\"><h3>Direito da constru\u00e7\u00e3o (incluindo o procedimento de licenciamento (pedido de autoriza\u00e7\u00e3o) de constru\u00e7\u00e3o)<\/h3><p><\/p><\/div><\/div><\/div><div class=\"wpb_content_element \"><div id=\"utbx_o_69eded56decae\" class=\"ut-service-icon-box  clearfix  ut-service-icon-box-center\"><style type=\"text\/css\" scoped>#utbx_69eded56dec68 { background:#fda527; }#utbx_69eded56dec68:hover { background: #fda527; } #utbx_69eded56dec68:after { box-shadow: 0 0 0 4px #fda527; } #utbx_o_69eded56decae h3 { color:#fda527 !important; }#utbx_o_69eded56decae p { color:#fda527 !important; }#utbx_69eded56dec68 { color:#ffffff; }#utbx_69eded56dec68:hover { color: #ffffff; } <\/style><div class=\"ut-highlight-icon-wrap ut-highlight-icon-effect\"><a id=\"utbx_69eded56dec68\" data-id=\"utbx_69eded56dec68\" data-hovercolor=\"#fda527\"   class=\"ut-highlight-icon fa fa-ambulance\" href=\"#\" target=\"_self\"><\/a><\/div><div class=\"ut-service-icon-box-content\"><h3>Direito de sa\u00fade<\/h3><p><\/p><\/div><\/div><\/div>[\/vc_column][\/vc_row]<\/p>\n","protected":false},"excerpt":{"rendered":"<p>[vc_row][vc_column width=&#8221;3\/3&#8243;][vc_message style=&#8221;square&#8221; message_box_color=&#8221;grey&#8221; icon_type=&#8221;openiconic&#8221; icon_openiconic=&#8221;vc-oi vc-oi-info&#8221;]O direito civil \u00e9 um ramo do direito privado que rege as rela\u00e7\u00f5es entre as pessoas, sejam elas pessoas f\u00edsicas ou empresas.[\/vc_message][\/vc_column][vc_column width=&#8221;1\/3&#8243;][vc_empty_space height=&#8221;70px&#8221;][\/vc_column][vc_column width=&#8221;1\/3&#8243;][\/vc_column][vc_column width=&#8221;1\/3&#8243;][vc_empty_space height=&#8221;130px&#8221;][\/vc_column][\/vc_row][vc_row][vc_column width=&#8221;3\/3&#8243;][vc_message style=&#8221;square&#8221; message_box_color=&#8221;grey&#8221; icon_type=&#8221;openiconic&#8221; icon_openiconic=&#8221;vc-oi vc-oi-info&#8221;]O direito penal \u00e9 o ramo do direito que determina as a\u00e7\u00f5es ou condutas punidas atrav\u00e9s de [&hellip;]<\/p>\n","protected":false},"author":6,"featured_media":0,"parent":0,"menu_order":0,"comment_status":"closed","ping_status":"open","template":"","meta":[],"translation":{"provider":"WPGlobus","version":"2.12.2","language":"pt","enabled_languages":["fr","pt"],"languages":{"fr":{"title":true,"content":true,"excerpt":false},"pt":{"title":true,"content":true,"excerpt":false}}},"_links":{"self":[{"href":"https:\/\/www.davidrosa-avocat.ch\/pt\/wp-json\/wp\/v2\/pages\/1893"}],"collection":[{"href":"https:\/\/www.davidrosa-avocat.ch\/pt\/wp-json\/wp\/v2\/pages"}],"about":[{"href":"https:\/\/www.davidrosa-avocat.ch\/pt\/wp-json\/wp\/v2\/types\/page"}],"author":[{"embeddable":true,"href":"https:\/\/www.davidrosa-avocat.ch\/pt\/wp-json\/wp\/v2\/users\/6"}],"replies":[{"embeddable":true,"href":"https:\/\/www.davidrosa-avocat.ch\/pt\/wp-json\/wp\/v2\/comments?post=1893"}],"version-history":[{"count":134,"href":"https:\/\/www.davidrosa-avocat.ch\/pt\/wp-json\/wp\/v2\/pages\/1893\/revisions"}],"predecessor-version":[{"id":5113,"href":"https:\/\/www.davidrosa-avocat.ch\/pt\/wp-json\/wp\/v2\/pages\/1893\/revisions\/5113"}],"wp:attachment":[{"href":"https:\/\/www.davidrosa-avocat.ch\/pt\/wp-json\/wp\/v2\/media?parent=1893"}],"curies":[{"name":"wp","href":"https:\/\/api.w.org\/{rel}","templated":true}]}}